{"id":135,"date":"2019-06-12T16:46:29","date_gmt":"2019-06-12T14:46:29","guid":{"rendered":"http:\/\/corpsaccord.be\/?page_id=135"},"modified":"2021-09-24T17:01:11","modified_gmt":"2021-09-24T15:01:11","slug":"shiatsu-danse","status":"publish","type":"page","link":"http:\/\/corpsaccord.be\/index.php\/shiatsu-danse\/","title":{"rendered":"Shiatsu-Danse"},"content":{"rendered":"\n<h2 class=\"has-text-color has-text-align-center wp-block-heading\" style=\"color:#29a488\">Shiatsu &#8211; Danse<\/h2>\n\n\n\n<p style=\"color:#29a488\" class=\"has-text-color has-text-align-center\"><em>Toucher le mouvement essentiel qui est en soi.<\/em><\/p>\n\n\n\n<div class=\"wp-block-image is-style-editorskit-circular\"><figure class=\"aligncenter size-medium\"><img loading=\"lazy\" decoding=\"async\" width=\"236\" height=\"300\" src=\"http:\/\/corpsaccord.be\/wp-content\/uploads\/2019\/06\/MG_0074-Copie-236x300.jpg\" alt=\"\" class=\"wp-image-141\" srcset=\"http:\/\/corpsaccord.be\/wp-content\/uploads\/2019\/06\/MG_0074-Copie-236x300.jpg 236w, http:\/\/corpsaccord.be\/wp-content\/uploads\/2019\/06\/MG_0074-Copie-768x977.jpg 768w, http:\/\/corpsaccord.be\/wp-content\/uploads\/2019\/06\/MG_0074-Copie-805x1024.jpg 805w, http:\/\/corpsaccord.be\/wp-content\/uploads\/2019\/06\/MG_0074-Copie.jpg 1428w\" sizes=\"(max-width: 236px) 100vw, 236px\" \/><\/figure><\/div>\n\n\n\n<p style=\"color:#29a488\" class=\"has-text-color\"> QUOI&#8230;<\/p>\n\n\n\n<p style=\"color:#0d5746\" class=\"has-text-color\">Le <strong>shiatsu<\/strong> est une technique de soin manuelle d&rsquo;origine japonaise qui vise a harmoniser le corps, le c\u0153ur et l&rsquo;esprit. La <strong>danse<\/strong>, selon une des d\u00e9finitions du Larousse, est le \u00ab&nbsp;mouvement incessant&nbsp;de quelque chose&nbsp;\u00bb. L&rsquo;atelier <strong>shiatsu-danse<\/strong> s&rsquo;inspire du toucher, du mouvement, du rythme des saisons, dans une recherche de conscience et de libre expression.<br>L&rsquo;id\u00e9e est d&rsquo;y d\u00e9velopper la conscience corporelle, spatiale et musicale par le biais de diverses pratiques telles que l\u2019improvisation, le massage, les arts martiaux. Les participants seront \u00e9galement guid\u00e9s vers l&rsquo;exploration de leurs propres mouvements et l&rsquo;interaction avec le groupe dans un processus d&rsquo;ouverture, d&rsquo;\u00e9coute, de respect et de partage envers soi-m\u00eame et les autres. Shiatsu-danse est un atelier qui nous emm\u00e8ne vers une reconnexion au moment pr\u00e9sent, \u00e0 la vie, \u00e0 l&rsquo;authenticit\u00e9. <\/p>\n\n\n\n<p style=\"color:#29a488\" class=\"has-text-color\">POURQUOI\u2026<\/p>\n\n\n\n<p style=\"color:#0d5746\" class=\"has-text-color\">J\u2019ai l\u2019envie de partager mes exp\u00e9riences dansantes&nbsp;: de guider ceux qui le souhaitent vers une conscience corporelle accrue, de faire vibrer l\u2019\u00e9nergie d\u2019un groupe, d\u2019\u00e9couter les musiques int\u00e9rieures de chacun, de bouger ensemble, se faire bouger les uns les autres pour faire bouger les choses.<\/p>\n\n\n\n<p style=\"color:#0d5746\" class=\"has-text-color\">Je suis persuad\u00e9es que dans notre soci\u00e9t\u00e9, il y a un grand besoin de cr\u00e9er du lien&#8230;<\/p>\n\n\n\n<ul style=\"color:#0d5746\"><li> d&rsquo;abord avec soi-m\u00eame, son corps, ses propres mouvements, son imaginaire, sa musique int\u00e9rieure<\/li><li>avec l&rsquo;autre, construire et cr\u00e9er ensemble<\/li><li>avec les autres, le groupe, interagir, vivre <\/li><\/ul>\n\n\n\n<p style=\"color:#0d5746\" class=\"has-text-color\"> Pouvoir accepter tout cela et l&rsquo;explorer dans le mouvement et l&rsquo;espace  permet d&rsquo;\u00e9tablir des connections authentiques et conscientes entre les  individus et de se reconnecter \u00e0 la vie, au moment pr\u00e9sent. <\/p>\n\n\n\n<div class=\"wp-block-coblocks-accordion\"><\/div>\n\n\n\n<div style=\"height:20px\" aria-hidden=\"true\" class=\"wp-block-spacer\"><\/div>\n\n\n\n<p class=\"has-text-align-center\">TEMOIGNAGES<\/p>\n\n\n\n<div class=\"wp-block-coblocks-accordion\">\n<div class=\"wp-block-coblocks-accordion-item\" style=\"color:#ffffff\"><details><summary class=\"wp-block-coblocks-accordion-item__title has-background has-text-color\" style=\"background-color:#29a488;color:#ffffff\">Alicia<\/summary><div class=\"wp-block-coblocks-accordion-item__content\" style=\"border-color:#29a488\">\n<p>L&rsquo;atelier m&rsquo;a apport\u00e9 un bien-\u00eatre, m&rsquo;a permis de me sentir \u00e0 la bonne place, d&rsquo;avancer avec aplomb dans la vie. Merci. <\/p>\n\n\n\n<p>L&rsquo;enseignement est bienveillant, guide vers les mouvements mais ne les impose jamais. Le partage avec les autres est doux et on d\u00e9passe vite g\u00eane et pudeur car on retourne \u00e0 l&rsquo;essence des choses.<\/p>\n\n\n\n<p>  Le mot juste au bon mouvement, l&rsquo;\u00e9clairage quand il le faut, le silence quand il le faut.<\/p>\n<\/div><\/details><\/div>\n<\/div>\n\n\n\n<div class=\"wp-block-coblocks-accordion\">\n<div class=\"wp-block-coblocks-accordion-item\" style=\"color:#ffffff\"><details><summary class=\"wp-block-coblocks-accordion-item__title has-background has-text-color\" style=\"background-color:#29a488;color:#ffffff\">Estelle<\/summary><div class=\"wp-block-coblocks-accordion-item__content\" style=\"border-color:#29a488\">\n<p>C\u2019est une des participantes qui m\u2019a emmen\u00e9e \u00e0 ton atelier. Je suis venue parce que ce qu\u2019elle m\u2019avait d\u00e9crit m\u2019intriguait et me semblait \u00eatre une activit\u00e9 qui pourrait compl\u00e9ter le travail que je fais sur l\u2019acceptation de celle que je suis.  Je n\u2019ai pas \u00e9t\u00e9 d\u00e9\u00e7ue puisque d\u00e8s la premi\u00e8re s\u00e9ance, j\u2019ai d\u00e9couvert que je pouvais me laisser porter par la musique, laisser sortir mes \u00e9motions et les exprimer gr\u00e2ce aux mouvements.<\/p>\n\n\n\n<p>Douceur, respect, d\u00e9couverte de mes capacit\u00e9s \u00e0 me d\u00e9connecter et \u00e0 me recentrer.<\/p>\n<\/div><\/details><\/div>\n<\/div>\n\n\n\n<div class=\"wp-block-coblocks-accordion\">\n<div class=\"wp-block-coblocks-accordion-item\" style=\"color:#ffffff\"><details><summary class=\"wp-block-coblocks-accordion-item__title has-background has-text-color\" style=\"background-color:#29a488;color:#ffffff\">Laurence<\/summary><div class=\"wp-block-coblocks-accordion-item__content\" style=\"border-color:#29a488\">\n<p>Super m\u00e9lange de danse, laisser-aller total et des tips de Shiatsu\u2026 Beaucoup d\u2019\u00e9motions, de sensations, de bien-\u00eatre.<\/p>\n\n\n\n<p>\u00c7a fait un bien fou, malgr\u00e9 quelques remue-m\u00e9nages dans mon \u00ab\u00a0moi\u00a0\u00bb.<\/p>\n\n\n\n<p>Un bol d&rsquo;air.<\/p>\n\n\n\n<p><\/p>\n<\/div><\/details><\/div>\n<\/div>\n\n\n\n<div class=\"wp-block-coblocks-accordion\">\n<div class=\"wp-block-coblocks-accordion-item\" style=\"color:#ffffff\"><details><summary class=\"wp-block-coblocks-accordion-item__title has-background has-text-color\" style=\"background-color:#29a488;color:#ffffff\">Gaelle<\/summary><div class=\"wp-block-coblocks-accordion-item__content\" style=\"border-color:#29a488\">\n<p>J\u2019ai d\u00e9couvert une autre fa\u00e7on de sentir la danse en moi, j\u2019ai aim\u00e9 sentir ce mouvement qui part de l\u2019int\u00e9rieur.<\/p>\n\n\n\n<p>Merci pour ton travail et ton professionnalisme, c\u2019est un plaisir de danser dans tes ateliers.<\/p>\n\n\n\n<p><\/p>\n\n\n\n<p><\/p>\n<\/div><\/details><\/div>\n<\/div>\n\n\n\n<p><\/p>\n\n\n\n<figure class=\"wp-block-embed-youtube aligncenter wp-block-embed is-type-video is-provider-youtube wp-embed-aspect-4-3 wp-has-aspect-ratio\"><div class=\"wp-block-embed__wrapper\">\n<iframe loading=\"lazy\" title=\"Atelier Shiatsu-Danse (trailer)\" width=\"525\" height=\"394\" src=\"https:\/\/www.youtube.com\/embed\/z7437kAXkH4?feature=oembed\" frameborder=\"0\" allow=\"accelerometer; autoplay; encrypted-media; gyroscope; picture-in-picture\" allowfullscreen><\/iframe>\n<\/div><\/figure>\n","protected":false},"excerpt":{"rendered":"<p>Shiatsu &#8211; Danse Toucher le mouvement essentiel qui est en soi. QUOI&#8230; Le shiatsu est une technique de soin manuelle d&rsquo;origine japonaise qui vise a harmoniser le corps, le c\u0153ur et l&rsquo;esprit. La danse, selon une des d\u00e9finitions du Larousse, est le \u00ab&nbsp;mouvement incessant&nbsp;de quelque chose&nbsp;\u00bb. L&rsquo;atelier shiatsu-danse s&rsquo;inspire du toucher, du mouvement, du rythme &hellip; <\/p>\n<p class=\"link-more\"><a href=\"http:\/\/corpsaccord.be\/index.php\/shiatsu-danse\/\" class=\"more-link\">Continuer la lecture<span class=\"screen-reader-text\"> de &laquo;&nbsp;Shiatsu-Danse&nbsp;&raquo;<\/span><\/a><\/p>\n","protected":false},"author":2,"featured_media":0,"parent":0,"menu_order":0,"comment_status":"closed","ping_status":"closed","template":"","meta":{"_editorskit_title_hidden":true,"_editorskit_reading_time":2,"_editorskit_is_block_options_detached":false,"_editorskit_block_options_position":"{}","_coblocks_attr":"","_coblocks_dimensions":"","_coblocks_responsive_height":"","_coblocks_accordion_ie_support":"","_uag_custom_page_level_css":"","footnotes":""},"uagb_featured_image_src":{"full":false,"thumbnail":false,"medium":false,"medium_large":false,"large":false,"1536x1536":false,"2048x2048":false,"twentyseventeen-featured-image":false,"twentyseventeen-thumbnail-avatar":false},"uagb_author_info":{"display_name":"mariecolla","author_link":"http:\/\/corpsaccord.be\/index.php\/author\/mariecolla\/"},"uagb_comment_info":0,"uagb_excerpt":"Shiatsu &#8211; Danse Toucher le mouvement essentiel qui est en soi. QUOI&#8230; Le shiatsu est une technique de soin manuelle d&rsquo;origine japonaise qui vise a harmoniser le corps, le c\u0153ur et l&rsquo;esprit. La danse, selon une des d\u00e9finitions du Larousse, est le \u00ab&nbsp;mouvement incessant&nbsp;de quelque chose&nbsp;\u00bb. L&rsquo;atelier shiatsu-danse s&rsquo;inspire du toucher, du mouvement, du rythme\u2026","_links":{"self":[{"href":"http:\/\/corpsaccord.be\/index.php\/wp-json\/wp\/v2\/pages\/135"}],"collection":[{"href":"http:\/\/corpsaccord.be\/index.php\/wp-json\/wp\/v2\/pages"}],"about":[{"href":"http:\/\/corpsaccord.be\/index.php\/wp-json\/wp\/v2\/types\/page"}],"author":[{"embeddable":true,"href":"http:\/\/corpsaccord.be\/index.php\/wp-json\/wp\/v2\/users\/2"}],"replies":[{"embeddable":true,"href":"http:\/\/corpsaccord.be\/index.php\/wp-json\/wp\/v2\/comments?post=135"}],"version-history":[{"count":20,"href":"http:\/\/corpsaccord.be\/index.php\/wp-json\/wp\/v2\/pages\/135\/revisions"}],"predecessor-version":[{"id":546,"href":"http:\/\/corpsaccord.be\/index.php\/wp-json\/wp\/v2\/pages\/135\/revisions\/546"}],"wp:attachment":[{"href":"http:\/\/corpsaccord.be\/index.php\/wp-json\/wp\/v2\/media?parent=135"}],"curies":[{"name":"wp","href":"https:\/\/api.w.org\/{rel}","templated":true}]}}